{"id":3,"date":"2022-09-14T11:41:45","date_gmt":"2022-09-14T08:41:45","guid":{"rendered":"https:\/\/nukhetintarifdefteri.com\/?page_id=3"},"modified":"2025-09-23T01:15:05","modified_gmt":"2025-09-22T22:15:05","slug":"gizlilik-politikasi","status":"publish","type":"page","link":"https:\/\/www.nukhetintarifdefteri.net\/en\/gizlilik-politikasi\/","title":{"rendered":"Privacy Policy"},"content":{"rendered":"<div data-elementor-type=\"wp-page\" data-elementor-id=\"3\" class=\"elementor elementor-3\" data-elementor-post-type=\"page\">\n\t\t\t\t\t\t<section class=\"elementor-section elementor-top-section elementor-element elementor-element-5a063815 elementor-section-boxed elementor-section-height-default elementor-section-height-default jltma-glass-effect-no\" data-id=\"5a063815\" data-element_type=\"section\">\n\t\t\t\t\t\t<div class=\"elementor-container elementor-column-gap-default\">\n\t\t\t\t\t<div class=\"elementor-column elementor-col-100 elementor-top-column elementor-element elementor-element-531ec472 jltma-glass-effect-no\" data-id=\"531ec472\" data-element_type=\"column\">\n\t\t\t<div class=\"elementor-widget-wrap elementor-element-populated\">\n\t\t\t\t\t\t<div class=\"elementor-element elementor-element-3dadd4 jltma-glass-effect-no elementor-widget elementor-widget-text-editor\" data-id=\"3dadd4\" data-element_type=\"widget\" data-widget_type=\"text-editor.default\">\n\t\t\t\t<div class=\"elementor-widget-container\">\n\t\t\t\t\t\t\t\t\t<p>Your security is important to us. For that reason, the personal data you share with us is protected with care.<\/p><p>We, N\u00fckhet'in Tarif Defteri, as the data controller, aim with this privacy &amp; personal data protection policy to inform you about which personal data of yours will be processed for what purposes, with whom and why the processed data might be shared; our methods of processing, our legal reasons; and what rights you have with respect to the data we process about you.<\/p><h4 id=\"toplanan-kisisel-verileriniz-toplanma-yoentemi-ve-hukuki-sebebi\">Collected Personal Data, How It\u2019s Collected &amp; Legal Basis<\/h4><p>Your IP address and user-agent information are collected via cookies and similar technologies, automatically or not, sometimes via third parties such as analytics providers, advertising networks, search information providers, technology providers. They are recorded, stored, updated under the relationship of service\/contract and for its duration, processed based on the legitimate interest legal basis.<\/p><h4 id=\"kisisel-verilerinizin-islenme-amaci\">Purpose of Processing Your Personal Data<\/h4><p>The personal data you share with us will only be processed for purposes such as:\n\nperforming analysis;\n\nensuring the services we provide are delivered optimally;\n\nmaking sure you can access these services and benefit from them fully;\n\nimproving them in accordance with your needs;\n\nlegally necessary obligations (e.g. sharing with judicial or administrative authorities when required by law).\n\nThese will be processed in a way that is appropriate for the purpose, and proportionate; kept updated.These will be processed in a way that is appropriate for the purpose, and proportionate; kept updated.<\/p><h4 id=\"toplanan-kisisel-verilerin-kimlere-ve-hangi-amaclarla-aktarilabilecegi\">With Whom and For What Purposes Your Personal Data May Be Shared<\/h4><p>Your personal data may be transferred, under necessary technical and administrative safeguards, to third parties inside or outside the country with whom we work or have contractual relationships, cooperating institutions and organizations, and to judicial or administrative authorities if requested.<\/p><h4 id=\"kisisel-verileri-islenen-kisi-olarak-haklariniz\">Your Rights as a Person Whose Data Is Processed<\/h4><p>Under Article 11 of the Turkish Law on the Protection of Personal Data (KVKK), every person has the right to:<\/p><ol type=\"a\"><li>Learn whether their personal data is processed,<\/li><li>Request information if the personal data has been processed,<\/li><li>Learn the purpose of processing and whether the data is used appropriately for that purpose,<\/li><li>Know the third parties domestic or foreign to whom personal data has been transferred,<\/li><li>Request correction of incomplete or incorrect personal data,<\/li><li>Request deletion or destruction of personal data,<\/li><li>Request that the third parties to whom personal data has been transferred be informed, in accordance with above items (e) and (f),<\/li><li>Object to emergence of a result against themselves that is generated solely by analysis via automated systems,<\/li><li>Claim compensation for damages if they suffer damage because personal data is processed in violation of the law.<\/li><\/ol><p>\u00a0<\/p><p>You can exercise the above rights by contacting us via mail@nukhetintarifdefteri.net<\/p><h4 id=\"iletisim\">Contact<\/h4><p>You are completely free to accept or decline processing of your personal data as per this privacy &amp; personal data processing policy. If you continue using the site, it will be assumed you have accepted it. For more detailed <a href=\"mailto:mail@nukhetintarifdefteri.net\">mail@nukhetintarifdefteri.net<\/a> information please feel free to contact us.<\/p>\t\t\t\t\t\t\t\t<\/div>\n\t\t\t\t<\/div>\n\t\t\t\t\t<\/div>\n\t\t<\/div>\n\t\t\t\t\t<\/div>\n\t\t<\/section>\n\t\t\t\t<\/div>","protected":false},"excerpt":{"rendered":"<p>G\u00fcvenli\u011finiz bizim i\u00e7in \u00f6nemli. Bu sebeple bizimle payla\u015faca\u011f\u0131n\u0131z ki\u015fisel verileriz hassasiyetle korunmaktad\u0131r. Biz, N\u00fckhet&#8217;in Tarif Defteri, veri sorumlusu olarak, bu gizlilik ve ki\u015fisel verilerin korunmas\u0131 politikas\u0131 ile, hangi ki\u015fisel verilerinizin hangi ama\u00e7la i\u015flenece\u011fi, i\u015flenen verilerin kimlerle ve neden payla\u015f\u0131labilece\u011fi, veri i\u015fleme y\u00f6ntemimiz ve hukuki sebeplerimiz ile; i\u015flenen verilerinize ili\u015fkin haklar\u0131n\u0131z\u0131n neler oldu\u011fu hususunda sizleri ayd\u0131nlatmay\u0131 [&hellip;]<\/p>","protected":false},"author":1,"featured_media":0,"parent":0,"menu_order":0,"comment_status":"closed","ping_status":"closed","template":"","meta":{"_glsr_average":0,"_glsr_ranking":0,"_glsr_reviews":0,"footnotes":""},"class_list":["post-3","page","type-page","status-publish","hentry"],"_links":{"self":[{"href":"https:\/\/www.nukhetintarifdefteri.net\/en\/wp-json\/wp\/v2\/pages\/3","targetHints":{"allow":["GET"]}}],"collection":[{"href":"https:\/\/www.nukhetintarifdefteri.net\/en\/wp-json\/wp\/v2\/pages"}],"about":[{"href":"https:\/\/www.nukhetintarifdefteri.net\/en\/wp-json\/wp\/v2\/types\/page"}],"author":[{"embeddable":true,"href":"https:\/\/www.nukhetintarifdefteri.net\/en\/wp-json\/wp\/v2\/users\/1"}],"replies":[{"embeddable":true,"href":"https:\/\/www.nukhetintarifdefteri.net\/en\/wp-json\/wp\/v2\/comments?post=3"}],"version-history":[{"count":9,"href":"https:\/\/www.nukhetintarifdefteri.net\/en\/wp-json\/wp\/v2\/pages\/3\/revisions"}],"predecessor-version":[{"id":7520,"href":"https:\/\/www.nukhetintarifdefteri.net\/en\/wp-json\/wp\/v2\/pages\/3\/revisions\/7520"}],"wp:attachment":[{"href":"https:\/\/www.nukhetintarifdefteri.net\/en\/wp-json\/wp\/v2\/media?parent=3"}],"curies":[{"name":"WP","href":"https:\/\/api.w.org\/{rel}","templated":true}]}}